{"id":2439,"date":"2023-08-09T14:13:14","date_gmt":"2023-08-09T11:13:14","guid":{"rendered":"http:\/\/lotustechnic.zerowebdemo.com\/?page_id=2439"},"modified":"2024-05-13T11:59:30","modified_gmt":"2024-05-13T08:59:30","slug":"references","status":"publish","type":"page","link":"https:\/\/lotustechnic.com.tr\/tr\/references\/","title":{"rendered":"Referanslar"},"content":{"rendered":"<div data-elementor-type=\"wp-page\" data-elementor-id=\"2439\" class=\"elementor elementor-2439\" data-elementor-post-type=\"page\">\n\t\t\t\t\t\t\t\t\t<div class=\"elementor-section elementor-top-section elementor-element elementor-element-f67ce09 elementor-section-boxed elementor-section-height-default elementor-section-height-default\" data-id=\"f67ce09\" data-element_type=\"section\">\n\t\t\t\t\t\t<div class=\"elementor-container elementor-column-gap-default\">\n\t\t\t\t\t<div class=\"elementor-column elementor-col-100 elementor-top-column elementor-element elementor-element-13b51ed\" data-id=\"13b51ed\" data-element_type=\"column\">\n\t\t\t<div class=\"elementor-widget-wrap elementor-element-populated\">\n\t\t\t\t\t\t\t\t<div class=\"elementor-element elementor-element-dd61f00 pp-divider-center elementor-widget elementor-widget-pp-divider\" data-id=\"dd61f00\" data-element_type=\"widget\" data-widget_type=\"pp-divider.default\">\n\t\t\t\t<div class=\"elementor-widget-container\">\n\t\t\t\t\t<div class=\"pp-divider-wrap\">\n\t\t\t\t\t\t\t<div class=\"divider-text-container\">\n\t\t\t\t\t<div class=\"divider-text-wrap\">\n\t\t\t\t\t\t<span class=\"pp-divider-border-wrap divider-border-left\">\n\t\t\t\t\t\t\t<span class=\"divider-border\"><\/span>\n\t\t\t\t\t\t<\/span>\n\t\t\t\t\t\t<span class=\"pp-divider-content\">\n\t\t\t\t\t\t\t\t\t\t\t\t\t\t\t<span class=\"pp-divider-text\">\n\t\t\t\t\t\t\t\t\tMakine Par\u00e7a \u0130malat\u0131\t\t\t\t\t\t\t\t<\/span>\n\t\t\t\t\t\t\t\t\t\t\t\t\t\t<\/span>\n\t\t\t\t\t\t<span class=\"pp-divider-border-wrap divider-border-right\">\n\t\t\t\t\t\t\t<span class=\"divider-border\"><\/span>\n\t\t\t\t\t\t<\/span>\n\t\t\t\t\t<\/div>\n\t\t\t\t<\/div>\n\t\t\t\t\t\t<\/div>    \n\t\t\t\t<\/div>\n\t\t\t\t<\/div>\n\t\t\t\t<div class=\"elementor-element elementor-element-cab377b elementor-grid-5 elementor-grid-tablet-3 elementor-grid-mobile-2 elementor-widget elementor-widget-pp-logo-grid\" data-id=\"cab377b\" data-element_type=\"widget\" data-settings=\"{&quot;columns&quot;:&quot;5&quot;,&quot;columns_tablet&quot;:&quot;3&quot;,&quot;columns_mobile&quot;:&quot;2&quot;}\" data-widget_type=\"pp-logo-grid.default\">\n\t\t\t\t<div class=\"elementor-widget-container\">\n\t\t\t\t\t<div class=\"pp-logo-grid elementor-grid grayscale-normal\">\n\t\t\t\t\t\t\t\t<div class=\"pp-grid-item-wrap elementor-grid-item elementor-repeater-item-ae804a8\">\n\t\t\t\t\t\t<div class=\"pp-grid-item\">\n\t\t\t\t\t\t<img decoding=\"async\" src=\"https:\/\/lotustechnic.com.tr\/wp-content\/uploads\/2023\/09\/2-1.png\" alt=\"2\" \/>\t\t\t\t\t\t<\/div>\n\t\t\t\t\t\t\t\t\t\t\t<\/div>\n\t\t\t\t\t\t\t\t\t\t<div class=\"pp-grid-item-wrap elementor-grid-item elementor-repeater-item-aafddb9\">\n\t\t\t\t\t\t<div class=\"pp-grid-item\">\n\t\t\t\t\t\t<img decoding=\"async\" src=\"https:\/\/lotustechnic.com.tr\/wp-content\/uploads\/2023\/09\/1-1.png\" alt=\"1\" \/>\t\t\t\t\t\t<\/div>\n\t\t\t\t\t\t\t\t\t\t\t<\/div>\n\t\t\t\t\t\t\t\t\t\t<div class=\"pp-grid-item-wrap elementor-grid-item elementor-repeater-item-d0ec3ba\">\n\t\t\t\t\t\t<div class=\"pp-grid-item\">\n\t\t\t\t\t\t<img decoding=\"async\" src=\"https:\/\/lotustechnic.com.tr\/wp-content\/uploads\/2023\/09\/3-1.png\" alt=\"3\" \/>\t\t\t\t\t\t<\/div>\n\t\t\t\t\t\t\t\t\t\t\t<\/div>\n\t\t\t\t\t\t\t\t\t\t<div class=\"pp-grid-item-wrap elementor-grid-item elementor-repeater-item-a75011d\">\n\t\t\t\t\t\t<div class=\"pp-grid-item\">\n\t\t\t\t\t\t<img decoding=\"async\" src=\"https:\/\/lotustechnic.com.tr\/wp-content\/uploads\/2023\/09\/4-1.png\" alt=\"4\" \/>\t\t\t\t\t\t<\/div>\n\t\t\t\t\t\t\t\t\t\t\t<\/div>\n\t\t\t\t\t\t\t\t\t\t<div class=\"pp-grid-item-wrap elementor-grid-item elementor-repeater-item-7a23562\">\n\t\t\t\t\t\t<div class=\"pp-grid-item\">\n\t\t\t\t\t\t<img decoding=\"async\" src=\"https:\/\/lotustechnic.com.tr\/wp-content\/uploads\/2023\/09\/5-1.png\" alt=\"5\" \/>\t\t\t\t\t\t<\/div>\n\t\t\t\t\t\t\t\t\t\t\t<\/div>\n\t\t\t\t\t\t\t\t\t\t<div class=\"pp-grid-item-wrap elementor-grid-item elementor-repeater-item-f4e0f75\">\n\t\t\t\t\t\t<div class=\"pp-grid-item\">\n\t\t\t\t\t\t<img decoding=\"async\" src=\"https:\/\/lotustechnic.com.tr\/wp-content\/uploads\/2023\/09\/6-1.png\" alt=\"6\" \/>\t\t\t\t\t\t<\/div>\n\t\t\t\t\t\t\t\t\t\t\t<\/div>\n\t\t\t\t\t\t\t\t\t\t<div class=\"pp-grid-item-wrap elementor-grid-item elementor-repeater-item-760d478\">\n\t\t\t\t\t\t<div class=\"pp-grid-item\">\n\t\t\t\t\t\t<img decoding=\"async\" src=\"https:\/\/lotustechnic.com.tr\/wp-content\/uploads\/2024\/05\/astor.png\" alt=\"astor\" \/>\t\t\t\t\t\t<\/div>\n\t\t\t\t\t\t\t\t\t\t\t<\/div>\n\t\t\t\t\t\t\t<\/div>\n\t\t\t\t<\/div>\n\t\t\t\t<\/div>\n\t\t\t\t<div class=\"elementor-element elementor-element-23d1687 pp-divider-center elementor-widget elementor-widget-pp-divider\" data-id=\"23d1687\" data-element_type=\"widget\" data-widget_type=\"pp-divider.default\">\n\t\t\t\t<div class=\"elementor-widget-container\">\n\t\t\t\t\t<div class=\"pp-divider-wrap\">\n\t\t\t\t\t\t\t<div class=\"divider-text-container\">\n\t\t\t\t\t<div class=\"divider-text-wrap\">\n\t\t\t\t\t\t<span class=\"pp-divider-border-wrap divider-border-left\">\n\t\t\t\t\t\t\t<span class=\"divider-border\"><\/span>\n\t\t\t\t\t\t<\/span>\n\t\t\t\t\t\t<span class=\"pp-divider-content\">\n\t\t\t\t\t\t\t\t\t\t\t\t\t\t\t<span class=\"pp-divider-text\">\n\t\t\t\t\t\t\t\t\tMekanik Tesisat\t\t\t\t\t\t\t\t<\/span>\n\t\t\t\t\t\t\t\t\t\t\t\t\t\t<\/span>\n\t\t\t\t\t\t<span class=\"pp-divider-border-wrap divider-border-right\">\n\t\t\t\t\t\t\t<span class=\"divider-border\"><\/span>\n\t\t\t\t\t\t<\/span>\n\t\t\t\t\t<\/div>\n\t\t\t\t<\/div>\n\t\t\t\t\t\t<\/div>    \n\t\t\t\t<\/div>\n\t\t\t\t<\/div>\n\t\t\t\t<div class=\"elementor-element elementor-element-e850378 elementor-grid-5 elementor-grid-mobile-2 elementor-grid-tablet-2 elementor-widget elementor-widget-pp-logo-grid\" data-id=\"e850378\" data-element_type=\"widget\" data-settings=\"{&quot;columns&quot;:&quot;5&quot;,&quot;columns_mobile&quot;:&quot;2&quot;,&quot;columns_tablet&quot;:&quot;2&quot;}\" data-widget_type=\"pp-logo-grid.default\">\n\t\t\t\t<div class=\"elementor-widget-container\">\n\t\t\t\t\t<div class=\"pp-logo-grid elementor-grid grayscale-normal\">\n\t\t\t\t\t\t\t\t<div class=\"pp-grid-item-wrap elementor-grid-item elementor-repeater-item-a0d1df9\">\n\t\t\t\t\t\t<div class=\"pp-grid-item\">\n\t\t\t\t\t\t<img decoding=\"async\" src=\"https:\/\/lotustechnic.com.tr\/wp-content\/uploads\/2023\/09\/content_2020-10-20_14-29-49-177x177-1.png\" alt=\"content_2020-10-20_14-29-49-177x177\" \/>\t\t\t\t\t\t<\/div>\n\t\t\t\t\t\t\t\t\t\t\t<\/div>\n\t\t\t\t\t\t\t\t\t\t<div class=\"pp-grid-item-wrap elementor-grid-item elementor-repeater-item-a9ec7f2\">\n\t\t\t\t\t\t<div class=\"pp-grid-item\">\n\t\t\t\t\t\t<img decoding=\"async\" src=\"https:\/\/lotustechnic.com.tr\/wp-content\/uploads\/2023\/09\/content_2020-10-04_16-01-58-177x177-1.png\" alt=\"content_2020-10-04_16-01-58-177x177\" \/>\t\t\t\t\t\t<\/div>\n\t\t\t\t\t\t\t\t\t\t\t<\/div>\n\t\t\t\t\t\t\t\t\t\t<div class=\"pp-grid-item-wrap elementor-grid-item elementor-repeater-item-953ae0d\">\n\t\t\t\t\t\t<div class=\"pp-grid-item\">\n\t\t\t\t\t\t<img decoding=\"async\" src=\"https:\/\/lotustechnic.com.tr\/wp-content\/uploads\/2023\/09\/content_2020-10-10_13-45-02-177x177-1.png\" alt=\"content_2020-10-10_13-45-02-177x177\" \/>\t\t\t\t\t\t<\/div>\n\t\t\t\t\t\t\t\t\t\t\t<\/div>\n\t\t\t\t\t\t\t\t\t\t<div class=\"pp-grid-item-wrap elementor-grid-item elementor-repeater-item-28a150d\">\n\t\t\t\t\t\t<div class=\"pp-grid-item\">\n\t\t\t\t\t\t<img decoding=\"async\" src=\"https:\/\/lotustechnic.com.tr\/wp-content\/uploads\/2023\/09\/content_2020-10-20_14-31-11-177x177-1.png\" alt=\"content_2020-10-20_14-31-11-177x177\" \/>\t\t\t\t\t\t<\/div>\n\t\t\t\t\t\t\t\t\t\t\t<\/div>\n\t\t\t\t\t\t\t\t\t\t<div class=\"pp-grid-item-wrap elementor-grid-item elementor-repeater-item-eac34d7\">\n\t\t\t\t\t\t<div class=\"pp-grid-item\">\n\t\t\t\t\t\t<img decoding=\"async\" src=\"https:\/\/lotustechnic.com.tr\/wp-content\/uploads\/2022\/11\/content_2020-10-10_13-43-10-177x177-1.png\" alt=\"content_2020-10-10_13-43-10-177x177\" \/>\t\t\t\t\t\t<\/div>\n\t\t\t\t\t\t\t\t\t\t\t<\/div>\n\t\t\t\t\t\t\t\t\t\t<div class=\"pp-grid-item-wrap elementor-grid-item elementor-repeater-item-3943656\">\n\t\t\t\t\t\t<div class=\"pp-grid-item\">\n\t\t\t\t\t\t<img decoding=\"async\" src=\"https:\/\/lotustechnic.com.tr\/wp-content\/uploads\/2022\/11\/content_2020-11-17_16-10-06-177x177-1.png\" alt=\"content_2020-11-17_16-10-06-177x177\" \/>\t\t\t\t\t\t<\/div>\n\t\t\t\t\t\t\t\t\t\t\t<\/div>\n\t\t\t\t\t\t\t\t\t\t<div class=\"pp-grid-item-wrap elementor-grid-item elementor-repeater-item-0e3a4b2\">\n\t\t\t\t\t\t<div class=\"pp-grid-item\">\n\t\t\t\t\t\t<img decoding=\"async\" src=\"https:\/\/lotustechnic.com.tr\/wp-content\/uploads\/2022\/11\/content_2020-11-17_16-15-00-177x177-1.png\" alt=\"content_2020-11-17_16-15-00-177x177 (1)\" \/>\t\t\t\t\t\t<\/div>\n\t\t\t\t\t\t\t\t\t\t\t<\/div>\n\t\t\t\t\t\t\t<\/div>\n\t\t\t\t<\/div>\n\t\t\t\t<\/div>\n\t\t\t\t<div class=\"elementor-element elementor-element-2650b98 elementor-hidden-desktop elementor-hidden-tablet elementor-hidden-mobile elementor-widget elementor-widget-shortcode\" data-id=\"2650b98\" data-element_type=\"widget\" data-widget_type=\"shortcode.default\">\n\t\t\t\t<div class=\"elementor-widget-container\">\n\t\t\t\t\t<div class=\"elementor-shortcode\">\t<!-- BEGIN: .projects -->\n\t<div class=\"projects projects-shortcode projects-style2 projects-has-filter\">\n\t\t<div class=\"projects-wrap\">\n\t\t\t\t\t\t\t<h3 class=\"widget-title\">Projeleri filtreleyin:<\/h3>\n\t\t\t\n\t\t\t\n\t\t\t\t\t\t\t\t\t<div class=\"projects-filter\">\n\t\t\t\t\t\t<ul data-filter-target=\".projects-items[data-grid]\">\n\t\t\t\t\t\t\t<li data-filter=\"*\" class=\"active\">\n\t\t\t\t\t\t\t\t<a href=\"javascript:;\">\n\t\t\t\t\t\t\t\t\tShow All\t\t\t\t\t\t\t\t<\/a>\n\t\t\t\t\t\t\t<\/li>\n\t\t\t\t\t\t\t\t\t\t\t\t\t\t\t<li data-filter=\".nproject-category-completed-projects\">\n\t\t\t\t\t\t\t\t\t<a href=\"https:\/\/lotustechnic.com.tr\/tr\/nproject-category\/completed-projects\/\">\n\t\t\t\t\t\t\t\t\t\tTamamlanan Projeler\t\t\t\t\t\t\t\t\t<\/a>\n\t\t\t\t\t\t\t\t<\/li>\n\t\t\t\t\t\t\t\t\t\t\t\t\t<\/ul>\n\t\t\t\t\t<\/div>\n\t\t\t\t\t\t\t\n\t\t\t<div class=\"projects-items\" data-grid=\"{&quot;itemSelector&quot;:&quot;.project&quot;}\" data-columns=\"3\">\n\n\t\t\t\t\t\t\t\t\t<!-- Project -->\n\t\t\t\t\t<div class=\"project post-201 nproject type-nproject status-publish has-post-thumbnail hentry nproject-category-completed-projects\">\n\t\t\t\t\t\t\t\t\t\t\t\t\t<div class=\"project-inner\">\n\t\t\t\t\t\t\n\t\t\t\t\t\t\t<figure class=\"project-thumbnail\">\n\t\t\t\t\t\t\t\t<a href=\"https:\/\/lotustechnic.com.tr\/tr\/nproject\/polser\/\">\n\t\t\t\t\t\t\t\t\t<div class=\"project-client-info\">\n\t\t\t\t\t\t\t\t\t\t\t\t\t\t\t\t\t\t\t\t<span class=\"mask\"><\/span>\n\t\t\t\t\t\t\t\t\t\t\t\t\t\t\t\t\t\t\t\t\t<img loading=\"lazy\" decoding=\"async\" width=\"177\" height=\"177\" src=\"https:\/\/lotustechnic.com.tr\/wp-content\/uploads\/2022\/11\/content_2020-11-17_16-10-06-177x177-1.png\" class=\"attachment-full\" alt=\"\" \/>\t\t\n\t\t\t\t\t\t\t\t\t\t\t\t\t\t\t\t\t\t\t<\/div>\n\t\t\t\t\t\t\t\t\t<img loading=\"lazy\" decoding=\"async\" class=\"\" src=\"https:\/\/lotustechnic.com.tr\/wp-content\/uploads\/2022\/11\/polser-tabelali-bina-430x570.jpg\" width=\"430\" height=\"570\" alt=\"polser-tabelali-bina\" title=\"polser-tabelali-bina\" \/>\t\t\t\t\t\t\t\t<\/a>\n\t\t\t\t\t\t\t<\/figure>\n\n\t\t\t\t\t\t\t<div class=\"project-info\">\n\t\t\t\t\t\t\t\t<div class=\"project-client-info\">\n\t\t\t\t\t\t\t\t\t\t\t\t\t\t\t\t\t\t<span class=\"mask\"><\/span>\n\t\t\t\t\t\t\t\t\t\t\t\t\t\t\t\t\t\t\t<img loading=\"lazy\" decoding=\"async\" width=\"177\" height=\"177\" src=\"https:\/\/lotustechnic.com.tr\/wp-content\/uploads\/2022\/11\/content_2020-11-17_16-10-06-177x177-1.png\" class=\"attachment-full\" alt=\"\" \/>\t\t\n\t\t\t\t\t\t\t\t\t\t\t\t\t\t\t\t\t<\/div>\n\t\t\t\t\t\t\t\t\n\t\t\t\t\t\t\t\t<h2 class=\"project-title\" itemprop=\"name headline\">\n\t\t\t\t\t\t\t\t\t<span class=\"project-categories\">\n\t\t\t\t\t\t\t\t\t\t<a href=\"https:\/\/lotustechnic.com.tr\/tr\/nproject-category\/completed-projects\/\" rel=\"tag\">Tamamlanan Projeler<\/a>\t\t\t\t\t\t\t\t\t<\/span>\n\t\t\t\t\t\t\t\t\t<a href=\"https:\/\/lotustechnic.com.tr\/tr\/nproject\/polser\/\">Polser<\/a>\n\t\t\t\t\t\t\t\t<\/h2>\n\n\t\t\t\t\t\t\t\t\t\t\t\t\t\t\t\t\t<div class=\"project-summary\">\n\t\t\t\t\t\t\t\t\t\t<p>\u0130zmir, TURKEY<\/p>\n\t\t\t\t\t\t\t\t\t<\/div>\n\t\t\t\t\t\t\t\t\n\t\t\t\t\t\t\t\t\t\t\t\t\t\t\t\t\t<a class=\"project-readmore button white\" href=\"https:\/\/lotustechnic.com.tr\/tr\/nproject\/polser\/\"><span>Detaylar\u0131 G\u00f6r<\/span><\/a>\n\t\t\t\t\t\t\t\t\t\t\t\t\t\t\t<\/div>\n\t\t\t\t\t\t<\/div>\n\t\t\t\t\t<\/div>\n\t\t\t\t\t<!-- \/Project -->\n\t\t\t\t\t\t\t\t\t<!-- Project -->\n\t\t\t\t\t<div class=\"project post-2450 nproject type-nproject status-publish has-post-thumbnail hentry nproject-category-completed-projects nproject-tag-building-automation-system nproject-tag-electrical-installation-design nproject-tag-hose-systems nproject-tag-mechanical-installation-design nproject-tag-transformers\">\n\t\t\t\t\t\t\t\t\t\t\t\t\t<div class=\"project-inner\">\n\t\t\t\t\t\t\n\t\t\t\t\t\t\t<figure class=\"project-thumbnail\">\n\t\t\t\t\t\t\t\t<a href=\"https:\/\/lotustechnic.com.tr\/tr\/nproject\/shahan-company-shahan-tower\/\">\n\t\t\t\t\t\t\t\t\t<div class=\"project-client-info\">\n\t\t\t\t\t\t\t\t\t\t\t\t\t\t\t\t\t\t\t\t<span class=\"mask\"><\/span>\n\t\t\t\t\t\t\t\t\t\t\t\t\t\t\t\t\t\t\t\t\t<img loading=\"lazy\" decoding=\"async\" width=\"177\" height=\"177\" src=\"https:\/\/lotustechnic.com.tr\/wp-content\/uploads\/2022\/11\/content_2020-11-17_16-15-00-177x177-1.png\" class=\"attachment-full\" alt=\"\" \/>\t\t\n\t\t\t\t\t\t\t\t\t\t\t\t\t\t\t\t\t\t\t<\/div>\n\t\t\t\t\t\t\t\t\t<img loading=\"lazy\" decoding=\"async\" class=\"\" src=\"https:\/\/lotustechnic.com.tr\/wp-content\/uploads\/2022\/11\/107748150_4026244117449959_4222509904508544501_n-430x570.jpg\" width=\"430\" height=\"570\" alt=\"107748150_4026244117449959_4222509904508544501_n\" title=\"107748150_4026244117449959_4222509904508544501_n\" \/>\t\t\t\t\t\t\t\t<\/a>\n\t\t\t\t\t\t\t<\/figure>\n\n\t\t\t\t\t\t\t<div class=\"project-info\">\n\t\t\t\t\t\t\t\t<div class=\"project-client-info\">\n\t\t\t\t\t\t\t\t\t\t\t\t\t\t\t\t\t\t<span class=\"mask\"><\/span>\n\t\t\t\t\t\t\t\t\t\t\t\t\t\t\t\t\t\t\t<img loading=\"lazy\" decoding=\"async\" width=\"177\" height=\"177\" src=\"https:\/\/lotustechnic.com.tr\/wp-content\/uploads\/2022\/11\/content_2020-11-17_16-15-00-177x177-1.png\" class=\"attachment-full\" alt=\"\" \/>\t\t\n\t\t\t\t\t\t\t\t\t\t\t\t\t\t\t\t\t<\/div>\n\t\t\t\t\t\t\t\t\n\t\t\t\t\t\t\t\t<h2 class=\"project-title\" itemprop=\"name headline\">\n\t\t\t\t\t\t\t\t\t<span class=\"project-categories\">\n\t\t\t\t\t\t\t\t\t\t<a href=\"https:\/\/lotustechnic.com.tr\/tr\/nproject-category\/completed-projects\/\" rel=\"tag\">Tamamlanan Projeler<\/a>\t\t\t\t\t\t\t\t\t<\/span>\n\t\t\t\t\t\t\t\t\t<a href=\"https:\/\/lotustechnic.com.tr\/tr\/nproject\/shahan-company-shahan-tower\/\">Shahan Company &#8211; Shahan Tower<\/a>\n\t\t\t\t\t\t\t\t<\/h2>\n\n\t\t\t\t\t\t\t\t\t\t\t\t\t\t\t\t\t<div class=\"project-summary\">\n\t\t\t\t\t\t\t\t\t\t<p>Iraq<\/p>\n\t\t\t\t\t\t\t\t\t<\/div>\n\t\t\t\t\t\t\t\t\n\t\t\t\t\t\t\t\t\t\t\t\t\t\t\t\t\t<a class=\"project-readmore button white\" href=\"https:\/\/lotustechnic.com.tr\/tr\/nproject\/shahan-company-shahan-tower\/\"><span>Detaylar\u0131 G\u00f6r<\/span><\/a>\n\t\t\t\t\t\t\t\t\t\t\t\t\t\t\t<\/div>\n\t\t\t\t\t\t<\/div>\n\t\t\t\t\t<\/div>\n\t\t\t\t\t<!-- \/Project -->\n\t\t\t\t\t\t\t\t\t<!-- Project -->\n\t\t\t\t\t<div class=\"project post-2451 nproject type-nproject status-publish has-post-thumbnail hentry nproject-category-completed-projects nproject-tag-air-conditioning nproject-tag-air-quality nproject-tag-fan-coil-system nproject-tag-uvc\">\n\t\t\t\t\t\t\t\t\t\t\t\t\t<div class=\"project-inner\">\n\t\t\t\t\t\t\n\t\t\t\t\t\t\t<figure class=\"project-thumbnail\">\n\t\t\t\t\t\t\t\t<a href=\"https:\/\/lotustechnic.com.tr\/tr\/nproject\/toyoink-printing-inks-6\/\">\n\t\t\t\t\t\t\t\t\t<div class=\"project-client-info\">\n\t\t\t\t\t\t\t\t\t\t\t\t\t\t\t\t\t\t\t\t<span class=\"mask\"><\/span>\n\t\t\t\t\t\t\t\t\t\t\t\t\t\t\t\t\t\t\t\t\t<img loading=\"lazy\" decoding=\"async\" width=\"177\" height=\"177\" src=\"https:\/\/lotustechnic.com.tr\/wp-content\/uploads\/2022\/11\/content_2020-10-10_13-43-10-177x177-1.png\" class=\"attachment-full\" alt=\"\" \/>\t\t\n\t\t\t\t\t\t\t\t\t\t\t\t\t\t\t\t\t\t\t<\/div>\n\t\t\t\t\t\t\t\t\t<img loading=\"lazy\" decoding=\"async\" class=\"\" src=\"https:\/\/lotustechnic.com.tr\/wp-content\/uploads\/2022\/11\/fabrika-fotosu-430x570.jpg\" width=\"430\" height=\"570\" alt=\"fabrika fotosu\" title=\"fabrika fotosu\" \/>\t\t\t\t\t\t\t\t<\/a>\n\t\t\t\t\t\t\t<\/figure>\n\n\t\t\t\t\t\t\t<div class=\"project-info\">\n\t\t\t\t\t\t\t\t<div class=\"project-client-info\">\n\t\t\t\t\t\t\t\t\t\t\t\t\t\t\t\t\t\t<span class=\"mask\"><\/span>\n\t\t\t\t\t\t\t\t\t\t\t\t\t\t\t\t\t\t\t<img loading=\"lazy\" decoding=\"async\" width=\"177\" height=\"177\" src=\"https:\/\/lotustechnic.com.tr\/wp-content\/uploads\/2022\/11\/content_2020-10-10_13-43-10-177x177-1.png\" class=\"attachment-full\" alt=\"\" \/>\t\t\n\t\t\t\t\t\t\t\t\t\t\t\t\t\t\t\t\t<\/div>\n\t\t\t\t\t\t\t\t\n\t\t\t\t\t\t\t\t<h2 class=\"project-title\" itemprop=\"name headline\">\n\t\t\t\t\t\t\t\t\t<span class=\"project-categories\">\n\t\t\t\t\t\t\t\t\t\t<a href=\"https:\/\/lotustechnic.com.tr\/tr\/nproject-category\/completed-projects\/\" rel=\"tag\">Tamamlanan Projeler<\/a>\t\t\t\t\t\t\t\t\t<\/span>\n\t\t\t\t\t\t\t\t\t<a href=\"https:\/\/lotustechnic.com.tr\/tr\/nproject\/toyoink-printing-inks-6\/\">ToyoInk Printing Inks<\/a>\n\t\t\t\t\t\t\t\t<\/h2>\n\n\t\t\t\t\t\t\t\t\t\t\t\t\t\t\t\t\t<div class=\"project-summary\">\n\t\t\t\t\t\t\t\t\t\t<p>Manisa, TURKEY<\/p>\n\t\t\t\t\t\t\t\t\t<\/div>\n\t\t\t\t\t\t\t\t\n\t\t\t\t\t\t\t\t\t\t\t\t\t\t\t\t\t<a class=\"project-readmore button white\" href=\"https:\/\/lotustechnic.com.tr\/tr\/nproject\/toyoink-printing-inks-6\/\"><span>Detaylar\u0131 G\u00f6r<\/span><\/a>\n\t\t\t\t\t\t\t\t\t\t\t\t\t\t\t<\/div>\n\t\t\t\t\t\t<\/div>\n\t\t\t\t\t<\/div>\n\t\t\t\t\t<!-- \/Project -->\n\t\t\t\t\t\t\t\t\t\t\t<\/div>\n\t\t<\/div>\n\t<\/div>\n\t<!-- END: .projects -->\n<\/div>\n\t\t\t\t<\/div>\n\t\t\t\t<\/div>\n\t\t\t\t\t<\/div>\n\t\t<\/div>\n\t\t\t\t\t\t\t<\/div>\n\t\t<\/div>\n\t\t\t\t\t\t\t<\/div>","protected":false},"excerpt":{"rendered":"<p>Sheet Metal Forming Mechanical Installation<\/p>","protected":false},"author":1,"featured_media":0,"parent":0,"menu_order":0,"comment_status":"closed","ping_status":"closed","template":"","meta":{"inline_featured_image":false,"footnotes":""},"class_list":["post-2439","page","type-page","status-publish","hentry"],"acf":[],"_links":{"self":[{"href":"https:\/\/lotustechnic.com.tr\/tr\/wp-json\/wp\/v2\/pages\/2439","targetHints":{"allow":["GET"]}}],"collection":[{"href":"https:\/\/lotustechnic.com.tr\/tr\/wp-json\/wp\/v2\/pages"}],"about":[{"href":"https:\/\/lotustechnic.com.tr\/tr\/wp-json\/wp\/v2\/types\/page"}],"author":[{"embeddable":true,"href":"https:\/\/lotustechnic.com.tr\/tr\/wp-json\/wp\/v2\/users\/1"}],"replies":[{"embeddable":true,"href":"https:\/\/lotustechnic.com.tr\/tr\/wp-json\/wp\/v2\/comments?post=2439"}],"version-history":[{"count":37,"href":"https:\/\/lotustechnic.com.tr\/tr\/wp-json\/wp\/v2\/pages\/2439\/revisions"}],"predecessor-version":[{"id":3607,"href":"https:\/\/lotustechnic.com.tr\/tr\/wp-json\/wp\/v2\/pages\/2439\/revisions\/3607"}],"wp:attachment":[{"href":"https:\/\/lotustechnic.com.tr\/tr\/wp-json\/wp\/v2\/media?parent=2439"}],"curies":[{"name":"wp","href":"https:\/\/api.w.org\/{rel}","templated":true}]}}