{"id":2156,"date":"2023-08-08T10:39:17","date_gmt":"2023-08-08T07:39:17","guid":{"rendered":"http:\/\/lotustechnic.zerowebdemo.com\/?page_id=2156"},"modified":"2023-10-02T15:33:12","modified_gmt":"2023-10-02T12:33:12","slug":"installation","status":"publish","type":"page","link":"https:\/\/lotustechnic.com.tr\/tr\/mechanical-systems\/installation\/","title":{"rendered":"Uygulama"},"content":{"rendered":"<div data-elementor-type=\"wp-page\" data-elementor-id=\"2156\" class=\"elementor elementor-2156\" data-elementor-post-type=\"page\">\n\t\t\t\t\t\t\t\t\t<div class=\"elementor-section elementor-top-section elementor-element elementor-element-1d5e333 elementor-section-stretched elementor-section-boxed elementor-section-height-default elementor-section-height-default\" data-id=\"1d5e333\" data-element_type=\"section\" data-settings=\"{&quot;background_background&quot;:&quot;gradient&quot;,&quot;stretch_section&quot;:&quot;section-stretched&quot;}\">\n\t\t\t\t\t\t\t<div class=\"elementor-background-overlay\"><\/div>\n\t\t\t\t\t\t\t<div class=\"elementor-container elementor-column-gap-default\">\n\t\t\t\t\t<div class=\"elementor-column elementor-col-100 elementor-top-column elementor-element elementor-element-1ecbeaa\" data-id=\"1ecbeaa\" data-element_type=\"column\">\n\t\t\t<div class=\"elementor-widget-wrap elementor-element-populated\">\n\t\t\t\t\t\t\t\t<div class=\"elementor-section elementor-inner-section elementor-element elementor-element-4c95ce9 animated-slow elementor-section-boxed elementor-section-height-default elementor-section-height-default elementor-invisible\" data-id=\"4c95ce9\" data-element_type=\"section\" data-settings=\"{&quot;animation&quot;:&quot;fadeIn&quot;}\">\n\t\t\t\t\t\t<div class=\"elementor-container elementor-column-gap-extended\">\n\t\t\t\t\t<div class=\"elementor-column elementor-col-50 elementor-inner-column elementor-element elementor-element-a30d75e\" data-id=\"a30d75e\" data-element_type=\"column\">\n\t\t\t<div class=\"elementor-widget-wrap elementor-element-populated\">\n\t\t\t\t\t\t\t\t<div class=\"elementor-element elementor-element-ecf7ea0 elementor-widget elementor-widget-heading\" data-id=\"ecf7ea0\" data-element_type=\"widget\" data-widget_type=\"heading.default\">\n\t\t\t\t<div class=\"elementor-widget-container\">\n\t\t\t<style>\/*! elementor - v3.15.0 - 02-08-2023 *\/\n.elementor-heading-title{padding:0;margin:0;line-height:1}.elementor-widget-heading .elementor-heading-title[class*=elementor-size-]>a{color:inherit;font-size:inherit;line-height:inherit}.elementor-widget-heading .elementor-heading-title.elementor-size-small{font-size:15px}.elementor-widget-heading .elementor-heading-title.elementor-size-medium{font-size:19px}.elementor-widget-heading .elementor-heading-title.elementor-size-large{font-size:29px}.elementor-widget-heading .elementor-heading-title.elementor-size-xl{font-size:39px}.elementor-widget-heading .elementor-heading-title.elementor-size-xxl{font-size:59px}<\/style><h6 class=\"elementor-heading-title elementor-size-default\">NELER YAPIYORUZ?<\/h6>\t\t<\/div>\n\t\t\t\t<\/div>\n\t\t\t\t<div class=\"elementor-element elementor-element-8492139 elementor-widget elementor-widget-heading\" data-id=\"8492139\" data-element_type=\"widget\" data-widget_type=\"heading.default\">\n\t\t\t\t<div class=\"elementor-widget-container\">\n\t\t\t<h2 class=\"elementor-heading-title elementor-size-default\">\u00dcretim s\u00fcre\u00e7leriniz i\u00e7in \u00f6zelle\u015ftirilmi\u015f \u00e7\u00f6z\u00fcmler<\/h2>\t\t<\/div>\n\t\t\t\t<\/div>\n\t\t\t\t\t<\/div>\n\t\t<\/div>\n\t\t\t\t<div class=\"elementor-column elementor-col-50 elementor-inner-column elementor-element elementor-element-7c4f622\" data-id=\"7c4f622\" data-element_type=\"column\">\n\t\t\t<div class=\"elementor-widget-wrap elementor-element-populated\">\n\t\t\t\t\t\t\t\t<div class=\"elementor-element elementor-element-d05e165 brAccent elementor-hidden-tablet elementor-hidden-mobile elementor-widget elementor-widget-text-editor\" data-id=\"d05e165\" data-element_type=\"widget\" data-widget_type=\"text-editor.default\">\n\t\t\t\t<div class=\"elementor-widget-container\">\n\t\t\t<style>\/*! elementor - v3.15.0 - 02-08-2023 *\/\n.elementor-widget-text-editor.elementor-drop-cap-view-stacked .elementor-drop-cap{background-color:#69727d;color:#fff}.elementor-widget-text-editor.elementor-drop-cap-view-framed .elementor-drop-cap{color:#69727d;border:3px solid;background-color:transparent}.elementor-widget-text-editor:not(.elementor-drop-cap-view-default) .elementor-drop-cap{margin-top:8px}.elementor-widget-text-editor:not(.elementor-drop-cap-view-default) .elementor-drop-cap-letter{width:1em;height:1em}.elementor-widget-text-editor .elementor-drop-cap{float:left;text-align:center;line-height:1;font-size:50px}.elementor-widget-text-editor .elementor-drop-cap-letter{display:inline-block}<\/style>\t\t\t\t\u0130\u015fletmenizin g\u00fcn\u00fcm\u00fcz pazar\u0131nda ilerlemek i\u00e7in g\u00fc\u00e7l\u00fc \u00e7\u00f6z\u00fcmlere ve rehberli\u011fe ihtiyac\u0131 var.\t\t\t\t\t\t<\/div>\n\t\t\t\t<\/div>\n\t\t\t\t<div class=\"elementor-element elementor-element-4b95c5c elementor-align-justify elementor-widget__width-initial elementor-absolute elementor-hidden-tablet elementor-hidden-mobile elementor-widget elementor-widget-button\" data-id=\"4b95c5c\" data-element_type=\"widget\" data-settings=\"{&quot;_position&quot;:&quot;absolute&quot;}\" data-widget_type=\"button.default\">\n\t\t\t\t<div class=\"elementor-widget-container\">\n\t\t\t\t\t<div class=\"elementor-button-wrapper\">\n\t\t\t<a class=\"elementor-button elementor-button-link elementor-size-sm\" href=\"https:\/\/lotustechnic.com.tr\/tr\/mechanical-systems\/\">\n\t\t\t\t\t\t<span class=\"elementor-button-content-wrapper\">\n\t\t\t\t\t\t<span class=\"elementor-button-text\">T\u00dcM\u00dcN\u00dc G\u00d6R<\/span>\n\t\t<\/span>\n\t\t\t\t\t<\/a>\n\t\t<\/div>\n\t\t\t\t<\/div>\n\t\t\t\t<\/div>\n\t\t\t\t\t<\/div>\n\t\t<\/div>\n\t\t\t\t\t\t\t<\/div>\n\t\t<\/div>\n\t\t\t\t<div class=\"elementor-element elementor-element-e5c0c4d elementor-grid-mobile-2 elementor-grid-3 elementor-grid-tablet-2 elementor-invisible elementor-widget elementor-widget-pp-info-box-carousel\" data-id=\"e5c0c4d\" data-element_type=\"widget\" data-settings=\"{&quot;columns_mobile&quot;:&quot;2&quot;,&quot;equal_height_boxes&quot;:&quot;yes&quot;,&quot;_animation&quot;:&quot;fadeIn&quot;,&quot;columns&quot;:&quot;3&quot;,&quot;columns_tablet&quot;:&quot;2&quot;}\" data-widget_type=\"pp-info-box-carousel.default\">\n\t\t\t\t<div class=\"elementor-widget-container\">\n\t\t\t\t\t<div class=\"pp-info-box-carousel-wrap\">\n\t\t\t<div class=\"pp-info-box-container elementor-grid pp-info-box-equal-height\">\n\t\t\t\t\t\t\t\t\t\t\t\t\t\t\t<div class=\"pp-grid-item-wrap elementor-grid-item\">\n\t\t\t\t\t\t\t\t\t\t\t\t\t\t<div class=\"pp-info-box pp-grid-item\">\n\t\t\t\t\t\t\t\t\t\t\t\t\t\t\t\t<div class=\"pp-info-box-content\">\n\t\t\t\t\t\t\t\t\t<div class=\"pp-info-box-title-wrap\">\n\t\t\t\t\t\t\t\t\t\t\t\t\t\t\t\t\t\t\t\t\t<div class=\"pp-info-box-title-container\">\n\t\t\t\t\t\t\t\t\t\t\t\t<h4 class=\"pp-info-box-title\">\n\t\t\t\t\t\t\t\t\t\t\t\t\t\u0130klimlendirme Sistemleri\t\t\t\t\t\t\t\t\t\t\t\t<\/h4>\n\t\t\t\t\t\t\t\t\t\t\t<\/div>\n\t\t\t\t\t\t\t\t\t\t\t\t\t\t\t\t\t\t\t\t<\/div>\n\n\t\t\t\t\t\t\t\t\t\n\t\t\t\t\t\t\t\t\t\t\t\t\t\t\t\t\t\t\t<div class=\"pp-info-box-description\">\n\t\t\t\t\t\t\t\t\t\t\t<p><img decoding=\"async\" class=\"alignnone wp-image-3094\" src=\"https:\/\/lotustechnic.com.tr\/wp-content\/uploads\/2023\/09\/HVAC-1.svg\" alt=\"\" width=\"90\" \/><\/p>\t\t\t\t\t\t\t\t\t\t<\/div>\n\t\t\t\t\t\t\t\t\t\t\t\t\t\t\t\t\t\t\t\t\t\t\t\t\t\t\t\t<div class=\"pp-info-box-footer\">\n\t\t\t\t\t\t\t\t\t\t\t<a class=\"pp-info-box-button elementor-button elementor-size-md\" href=\"https:\/\/lotustechnic.com.tr\/tr\/mechanical-systems\/installation\/hvac-systems\/\">\n\t\t\t\t\t\t\t\t\t\t\t\t\t\t\t\t\t\t\t\t\t\t\t\t\t\t\t\t\t\t\t\t\t\t\t\t\t<span class=\"pp-button-text\">\n\t\t\t\t\t\t\t\t\t\t\t\t\t\tDetaylar\u0131 G\u00f6r\t\t\t\t\t\t\t\t\t\t\t\t\t<\/span>\n\t\t\t\t\t\t\t\t\t\t\t\t\t\t\t\t\t\t\t\t\t\t\t\t\t\t\t\t\t\t\t\t\t\t\t<\/a>\n\t\t\t\t\t\t\t\t\t\t<\/div>\n\t\t\t\t\t\t\t\t\t\t\t\t\t\t\t\t\t<\/div>\n\t\t\t\t\t\t\t<\/div>\n\t\t\t\t\t\t\t\t\t\t\t\t\t<\/div>\n\t\t\t\t\t\t\t\t\t\t\t\t<div class=\"pp-grid-item-wrap elementor-grid-item\">\n\t\t\t\t\t\t\t\t\t\t\t\t\t\t<div class=\"pp-info-box pp-grid-item\">\n\t\t\t\t\t\t\t\t\t\t\t\t\t\t\t\t<div class=\"pp-info-box-content\">\n\t\t\t\t\t\t\t\t\t<div class=\"pp-info-box-title-wrap\">\n\t\t\t\t\t\t\t\t\t\t\t\t\t\t\t\t\t\t\t\t\t<div class=\"pp-info-box-title-container\">\n\t\t\t\t\t\t\t\t\t\t\t\t<h4 class=\"pp-info-box-title\">\n\t\t\t\t\t\t\t\t\t\t\t\t\tYang\u0131n Koruma Sistemleri\t\t\t\t\t\t\t\t\t\t\t\t<\/h4>\n\t\t\t\t\t\t\t\t\t\t\t<\/div>\n\t\t\t\t\t\t\t\t\t\t\t\t\t\t\t\t\t\t\t\t<\/div>\n\n\t\t\t\t\t\t\t\t\t\n\t\t\t\t\t\t\t\t\t\t\t\t\t\t\t\t\t\t\t<div class=\"pp-info-box-description\">\n\t\t\t\t\t\t\t\t\t\t\t<p><img decoding=\"async\" class=\"alignnone wp-image-2781\" src=\"https:\/\/lotustechnic.com.tr\/wp-content\/uploads\/2023\/08\/Fire-Protection.svg\" alt=\"\" width=\"90\" \/><\/p>\t\t\t\t\t\t\t\t\t\t<\/div>\n\t\t\t\t\t\t\t\t\t\t\t\t\t\t\t\t\t\t\t\t\t\t\t\t\t\t\t\t<div class=\"pp-info-box-footer\">\n\t\t\t\t\t\t\t\t\t\t\t<a class=\"pp-info-box-button elementor-button elementor-size-md\" href=\"https:\/\/lotustechnic.com.tr\/tr\/mechanical-systems\/installation\/fire-protection-system\/\">\n\t\t\t\t\t\t\t\t\t\t\t\t\t\t\t\t\t\t\t\t\t\t\t\t\t\t\t\t\t\t\t\t\t\t\t\t\t<span class=\"pp-button-text\">\n\t\t\t\t\t\t\t\t\t\t\t\t\t\tDetaylar\u0131 G\u00f6r\t\t\t\t\t\t\t\t\t\t\t\t\t<\/span>\n\t\t\t\t\t\t\t\t\t\t\t\t\t\t\t\t\t\t\t\t\t\t\t\t\t\t\t\t\t\t\t\t\t\t\t<\/a>\n\t\t\t\t\t\t\t\t\t\t<\/div>\n\t\t\t\t\t\t\t\t\t\t\t\t\t\t\t\t\t<\/div>\n\t\t\t\t\t\t\t<\/div>\n\t\t\t\t\t\t\t\t\t\t\t\t\t<\/div>\n\t\t\t\t\t\t\t\t\t\t\t\t<div class=\"pp-grid-item-wrap elementor-grid-item\">\n\t\t\t\t\t\t\t\t\t\t\t\t\t\t<div class=\"pp-info-box pp-grid-item\">\n\t\t\t\t\t\t\t\t\t\t\t\t\t\t\t\t<div class=\"pp-info-box-content\">\n\t\t\t\t\t\t\t\t\t<div class=\"pp-info-box-title-wrap\">\n\t\t\t\t\t\t\t\t\t\t\t\t\t\t\t\t\t\t\t\t\t<div class=\"pp-info-box-title-container\">\n\t\t\t\t\t\t\t\t\t\t\t\t<h4 class=\"pp-info-box-title\">\n\t\t\t\t\t\t\t\t\t\t\t\t\tBuhar Tesisatlar\u0131\t\t\t\t\t\t\t\t\t\t\t\t<\/h4>\n\t\t\t\t\t\t\t\t\t\t\t<\/div>\n\t\t\t\t\t\t\t\t\t\t\t\t\t\t\t\t\t\t\t\t<\/div>\n\n\t\t\t\t\t\t\t\t\t\n\t\t\t\t\t\t\t\t\t\t\t\t\t\t\t\t\t\t\t<div class=\"pp-info-box-description\">\n\t\t\t\t\t\t\t\t\t\t\t<p><img decoding=\"async\" class=\"alignnone wp-image-2785\" src=\"https:\/\/lotustechnic.com.tr\/wp-content\/uploads\/2023\/08\/Steam-Systems.svg\" alt=\"\" width=\"90\" \/><\/p>\t\t\t\t\t\t\t\t\t\t<\/div>\n\t\t\t\t\t\t\t\t\t\t\t\t\t\t\t\t\t\t\t\t\t\t\t\t\t\t\t\t<div class=\"pp-info-box-footer\">\n\t\t\t\t\t\t\t\t\t\t\t<a class=\"pp-info-box-button elementor-button elementor-size-md\" href=\"https:\/\/lotustechnic.com.tr\/tr\/mechanical-systems\/installation\/steam-systems\/\">\n\t\t\t\t\t\t\t\t\t\t\t\t\t\t\t\t\t\t\t\t\t\t\t\t\t\t\t\t\t\t\t\t\t\t\t\t\t<span class=\"pp-button-text\">\n\t\t\t\t\t\t\t\t\t\t\t\t\t\tDetaylar\u0131 G\u00f6r\t\t\t\t\t\t\t\t\t\t\t\t\t<\/span>\n\t\t\t\t\t\t\t\t\t\t\t\t\t\t\t\t\t\t\t\t\t\t\t\t\t\t\t\t\t\t\t\t\t\t\t<\/a>\n\t\t\t\t\t\t\t\t\t\t<\/div>\n\t\t\t\t\t\t\t\t\t\t\t\t\t\t\t\t\t<\/div>\n\t\t\t\t\t\t\t<\/div>\n\t\t\t\t\t\t\t\t\t\t\t\t\t<\/div>\n\t\t\t\t\t\t\t\t\t\t\t\t<div class=\"pp-grid-item-wrap elementor-grid-item\">\n\t\t\t\t\t\t\t\t\t\t\t\t\t\t<div class=\"pp-info-box pp-grid-item\">\n\t\t\t\t\t\t\t\t\t\t\t\t\t\t\t\t<div class=\"pp-info-box-content\">\n\t\t\t\t\t\t\t\t\t<div class=\"pp-info-box-title-wrap\">\n\t\t\t\t\t\t\t\t\t\t\t\t\t\t\t\t\t\t\t\t\t<div class=\"pp-info-box-title-container\">\n\t\t\t\t\t\t\t\t\t\t\t\t<h4 class=\"pp-info-box-title\">\n\t\t\t\t\t\t\t\t\t\t\t\t\tUV Dezenfeksiyon\t\t\t\t\t\t\t\t\t\t\t\t<\/h4>\n\t\t\t\t\t\t\t\t\t\t\t<\/div>\n\t\t\t\t\t\t\t\t\t\t\t\t\t\t\t\t\t\t\t\t<\/div>\n\n\t\t\t\t\t\t\t\t\t\n\t\t\t\t\t\t\t\t\t\t\t\t\t\t\t\t\t\t\t<div class=\"pp-info-box-description\">\n\t\t\t\t\t\t\t\t\t\t\t<p><img decoding=\"async\" class=\"alignnone wp-image-2786\" src=\"https:\/\/lotustechnic.com.tr\/wp-content\/uploads\/2023\/08\/UVGI.svg\" alt=\"\" width=\"90\" \/><\/p>\t\t\t\t\t\t\t\t\t\t<\/div>\n\t\t\t\t\t\t\t\t\t\t\t\t\t\t\t\t\t\t\t\t\t\t\t\t\t\t\t\t<div class=\"pp-info-box-footer\">\n\t\t\t\t\t\t\t\t\t\t\t<a class=\"pp-info-box-button elementor-button elementor-size-md\" href=\"https:\/\/lotustechnic.com.tr\/tr\/mechanical-systems\/installation\/uvgi-disinfection\/\">\n\t\t\t\t\t\t\t\t\t\t\t\t\t\t\t\t\t\t\t\t\t\t\t\t\t\t\t\t\t\t\t\t\t\t\t\t\t<span class=\"pp-button-text\">\n\t\t\t\t\t\t\t\t\t\t\t\t\t\tDetaylar\u0131 G\u00f6r\t\t\t\t\t\t\t\t\t\t\t\t\t<\/span>\n\t\t\t\t\t\t\t\t\t\t\t\t\t\t\t\t\t\t\t\t\t\t\t\t\t\t\t\t\t\t\t\t\t\t\t<\/a>\n\t\t\t\t\t\t\t\t\t\t<\/div>\n\t\t\t\t\t\t\t\t\t\t\t\t\t\t\t\t\t<\/div>\n\t\t\t\t\t\t\t<\/div>\n\t\t\t\t\t\t\t\t\t\t\t\t\t<\/div>\n\t\t\t\t\t\t\t\t\t\t\t\t<div class=\"pp-grid-item-wrap elementor-grid-item\">\n\t\t\t\t\t\t\t\t\t\t\t\t\t\t<div class=\"pp-info-box pp-grid-item\">\n\t\t\t\t\t\t\t\t\t\t\t\t\t\t\t\t<div class=\"pp-info-box-content\">\n\t\t\t\t\t\t\t\t\t<div class=\"pp-info-box-title-wrap\">\n\t\t\t\t\t\t\t\t\t\t\t\t\t\t\t\t\t\t\t\t\t<div class=\"pp-info-box-title-container\">\n\t\t\t\t\t\t\t\t\t\t\t\t<h4 class=\"pp-info-box-title\">\n\t\t\t\t\t\t\t\t\t\t\t\t\tEnd\u00fcstriyel Havaland\u0131rma ve Toz Toplama Sistemleri\t\t\t\t\t\t\t\t\t\t\t\t<\/h4>\n\t\t\t\t\t\t\t\t\t\t\t<\/div>\n\t\t\t\t\t\t\t\t\t\t\t\t\t\t\t\t\t\t\t\t<\/div>\n\n\t\t\t\t\t\t\t\t\t\n\t\t\t\t\t\t\t\t\t\t\t\t\t\t\t\t\t\t\t<div class=\"pp-info-box-description\">\n\t\t\t\t\t\t\t\t\t\t\t<p><img decoding=\"async\" class=\"alignnone wp-image-2783\" src=\"https:\/\/lotustechnic.com.tr\/wp-content\/uploads\/2023\/08\/Industrial-Ventilation.svg\" alt=\"\" width=\"90\" \/><\/p>\t\t\t\t\t\t\t\t\t\t<\/div>\n\t\t\t\t\t\t\t\t\t\t\t\t\t\t\t\t\t\t\t\t\t\t\t\t\t\t\t\t<div class=\"pp-info-box-footer\">\n\t\t\t\t\t\t\t\t\t\t\t<a class=\"pp-info-box-button elementor-button elementor-size-md\" href=\"https:\/\/lotustechnic.com.tr\/tr\/mechanical-systems\/installation\/industrial-ventilation-and-dust-collection-systems\/\">\n\t\t\t\t\t\t\t\t\t\t\t\t\t\t\t\t\t\t\t\t\t\t\t\t\t\t\t\t\t\t\t\t\t\t\t\t\t<span class=\"pp-button-text\">\n\t\t\t\t\t\t\t\t\t\t\t\t\t\tDetaylar\u0131 G\u00f6r\t\t\t\t\t\t\t\t\t\t\t\t\t<\/span>\n\t\t\t\t\t\t\t\t\t\t\t\t\t\t\t\t\t\t\t\t\t\t\t\t\t\t\t\t\t\t\t\t\t\t\t<\/a>\n\t\t\t\t\t\t\t\t\t\t<\/div>\n\t\t\t\t\t\t\t\t\t\t\t\t\t\t\t\t\t<\/div>\n\t\t\t\t\t\t\t<\/div>\n\t\t\t\t\t\t\t\t\t\t\t\t\t<\/div>\n\t\t\t\t\t\t\t\t\t\t\t\t<div class=\"pp-grid-item-wrap elementor-grid-item\">\n\t\t\t\t\t\t\t\t\t\t\t\t\t\t<div class=\"pp-info-box pp-grid-item\">\n\t\t\t\t\t\t\t\t\t\t\t\t\t\t\t\t<div class=\"pp-info-box-content\">\n\t\t\t\t\t\t\t\t\t<div class=\"pp-info-box-title-wrap\">\n\t\t\t\t\t\t\t\t\t\t\t\t\t\t\t\t\t\t\t\t\t<div class=\"pp-info-box-title-container\">\n\t\t\t\t\t\t\t\t\t\t\t\t<h4 class=\"pp-info-box-title\">\n\t\t\t\t\t\t\t\t\t\t\t\t\tBas\u0131n\u00e7l\u0131 Hava Sistemleri\t\t\t\t\t\t\t\t\t\t\t\t<\/h4>\n\t\t\t\t\t\t\t\t\t\t\t<\/div>\n\t\t\t\t\t\t\t\t\t\t\t\t\t\t\t\t\t\t\t\t<\/div>\n\n\t\t\t\t\t\t\t\t\t\n\t\t\t\t\t\t\t\t\t\t\t\t\t\t\t\t\t\t\t<div class=\"pp-info-box-description\">\n\t\t\t\t\t\t\t\t\t\t\t<p><img decoding=\"async\" class=\"alignnone wp-image-2780\" src=\"https:\/\/lotustechnic.com.tr\/wp-content\/uploads\/2023\/08\/Compressed-air.svg\" alt=\"\" width=\"90\" \/><\/p>\t\t\t\t\t\t\t\t\t\t<\/div>\n\t\t\t\t\t\t\t\t\t\t\t\t\t\t\t\t\t\t\t\t\t\t\t\t\t\t\t\t<div class=\"pp-info-box-footer\">\n\t\t\t\t\t\t\t\t\t\t\t<a class=\"pp-info-box-button elementor-button elementor-size-md\" href=\"https:\/\/lotustechnic.com.tr\/tr\/mechanical-systems\/installation\/compressed-air-systems\/\">\n\t\t\t\t\t\t\t\t\t\t\t\t\t\t\t\t\t\t\t\t\t\t\t\t\t\t\t\t\t\t\t\t\t\t\t\t\t<span class=\"pp-button-text\">\n\t\t\t\t\t\t\t\t\t\t\t\t\t\tDetaylar\u0131 G\u00f6r\t\t\t\t\t\t\t\t\t\t\t\t\t<\/span>\n\t\t\t\t\t\t\t\t\t\t\t\t\t\t\t\t\t\t\t\t\t\t\t\t\t\t\t\t\t\t\t\t\t\t\t<\/a>\n\t\t\t\t\t\t\t\t\t\t<\/div>\n\t\t\t\t\t\t\t\t\t\t\t\t\t\t\t\t\t<\/div>\n\t\t\t\t\t\t\t<\/div>\n\t\t\t\t\t\t\t\t\t\t\t\t\t<\/div>\n\t\t\t\t\t\t\t\t\t\t\t\t\t<\/div>\n\t\t\t\t\t<\/div>\n\t\t\t\t<\/div>\n\t\t\t\t<\/div>\n\t\t\t\t<div class=\"elementor-element elementor-element-1967485 elementor-widget elementor-widget-text-editor\" data-id=\"1967485\" data-element_type=\"widget\" data-widget_type=\"text-editor.default\">\n\t\t\t\t<div class=\"elementor-widget-container\">\n\t\t\t\t\t\t\t<p>S\u00fcrd\u00fcr\u00fclebilir end\u00fcstriyel mekanik tesisat \u00e7\u00f6z\u00fcm orta\u011f\u0131.<\/p>\t\t\t\t\t\t<\/div>\n\t\t\t\t<\/div>\n\t\t\t\t\t<\/div>\n\t\t<\/div>\n\t\t\t\t\t\t\t<\/div>\n\t\t<\/div>\n\t\t\t\t\t\t\t<\/div>","protected":false},"excerpt":{"rendered":"<p>WHAT WE DO? Customized solutions for your entire production process Your business needs powerful solutions and guidance to navigate today\u2019s marketplace VIEW ALL HVAC Systems View Details Fire Protection Systems View Details Steam Systems View Details UVGI for Air Disinfection View Details Industrial Ventilation and Dust Collection Systems View Details Compressed Air Systems View Details [&hellip;]<\/p>","protected":false},"author":1,"featured_media":0,"parent":2154,"menu_order":0,"comment_status":"closed","ping_status":"closed","template":"","meta":{"inline_featured_image":false,"footnotes":""},"class_list":["post-2156","page","type-page","status-publish","hentry"],"acf":[],"_links":{"self":[{"href":"https:\/\/lotustechnic.com.tr\/tr\/wp-json\/wp\/v2\/pages\/2156","targetHints":{"allow":["GET"]}}],"collection":[{"href":"https:\/\/lotustechnic.com.tr\/tr\/wp-json\/wp\/v2\/pages"}],"about":[{"href":"https:\/\/lotustechnic.com.tr\/tr\/wp-json\/wp\/v2\/types\/page"}],"author":[{"embeddable":true,"href":"https:\/\/lotustechnic.com.tr\/tr\/wp-json\/wp\/v2\/users\/1"}],"replies":[{"embeddable":true,"href":"https:\/\/lotustechnic.com.tr\/tr\/wp-json\/wp\/v2\/comments?post=2156"}],"version-history":[{"count":37,"href":"https:\/\/lotustechnic.com.tr\/tr\/wp-json\/wp\/v2\/pages\/2156\/revisions"}],"predecessor-version":[{"id":3569,"href":"https:\/\/lotustechnic.com.tr\/tr\/wp-json\/wp\/v2\/pages\/2156\/revisions\/3569"}],"up":[{"embeddable":true,"href":"https:\/\/lotustechnic.com.tr\/tr\/wp-json\/wp\/v2\/pages\/2154"}],"wp:attachment":[{"href":"https:\/\/lotustechnic.com.tr\/tr\/wp-json\/wp\/v2\/media?parent=2156"}],"curies":[{"name":"wp","href":"https:\/\/api.w.org\/{rel}","templated":true}]}}