{"id":2132,"date":"2023-08-08T10:34:57","date_gmt":"2023-08-08T07:34:57","guid":{"rendered":"http:\/\/lotustechnic.zerowebdemo.com\/?page_id=2132"},"modified":"2023-09-21T17:23:58","modified_gmt":"2023-09-21T14:23:58","slug":"material","status":"publish","type":"page","link":"https:\/\/lotustechnic.com.tr\/tr\/sheet-metal-forming\/production\/material\/","title":{"rendered":"Ham Madde"},"content":{"rendered":"<div data-elementor-type=\"wp-page\" data-elementor-id=\"2132\" class=\"elementor elementor-2132\" data-elementor-post-type=\"page\">\n\t\t\t\t\t\t\t\t\t<section class=\"elementor-section elementor-top-section elementor-element elementor-element-7735854 elementor-hidden-mobile elementor-section-boxed elementor-section-height-default elementor-section-height-default\" data-id=\"7735854\" data-element_type=\"section\">\n\t\t\t\t\t\t<div class=\"elementor-container elementor-column-gap-default\">\n\t\t\t\t\t<div class=\"elementor-column elementor-col-50 elementor-top-column elementor-element elementor-element-3a92381\" data-id=\"3a92381\" data-element_type=\"column\">\n\t\t\t<div class=\"elementor-widget-wrap elementor-element-populated\">\n\t\t\t\t\t\t\t\t<div class=\"elementor-element elementor-element-d1dbd93 elementor-widget elementor-widget-heading\" data-id=\"d1dbd93\" data-element_type=\"widget\" data-widget_type=\"heading.default\">\n\t\t\t\t<div class=\"elementor-widget-container\">\n\t\t\t<style>\/*! elementor - v3.15.0 - 02-08-2023 *\/\n.elementor-heading-title{padding:0;margin:0;line-height:1}.elementor-widget-heading .elementor-heading-title[class*=elementor-size-]>a{color:inherit;font-size:inherit;line-height:inherit}.elementor-widget-heading .elementor-heading-title.elementor-size-small{font-size:15px}.elementor-widget-heading .elementor-heading-title.elementor-size-medium{font-size:19px}.elementor-widget-heading .elementor-heading-title.elementor-size-large{font-size:29px}.elementor-widget-heading .elementor-heading-title.elementor-size-xl{font-size:39px}.elementor-widget-heading .elementor-heading-title.elementor-size-xxl{font-size:59px}<\/style><h2 class=\"elementor-heading-title elementor-size-default\">\u00dcretim<\/h2>\t\t<\/div>\n\t\t\t\t<\/div>\n\t\t\t\t\t<\/div>\n\t\t<\/div>\n\t\t\t\t<div class=\"elementor-column elementor-col-50 elementor-top-column elementor-element elementor-element-c24c625\" data-id=\"c24c625\" data-element_type=\"column\">\n\t\t\t<div class=\"elementor-widget-wrap elementor-element-populated\">\n\t\t\t\t\t\t\t\t<div class=\"elementor-element elementor-element-6676eee elementor-icon-list--layout-inline elementor-align-right elementor-list-item-link-full_width elementor-widget elementor-widget-icon-list\" data-id=\"6676eee\" data-element_type=\"widget\" data-widget_type=\"icon-list.default\">\n\t\t\t\t<div class=\"elementor-widget-container\">\n\t\t\t<link rel=\"stylesheet\" href=\"https:\/\/lotustechnic.com.tr\/wp-content\/plugins\/elementor\/assets\/css\/widget-icon-list.min.css\">\t\t<ul class=\"elementor-icon-list-items elementor-inline-items\">\n\t\t\t\t\t\t\t<li class=\"elementor-icon-list-item elementor-inline-item\">\n\t\t\t\t\t\t\t\t\t\t\t<a href=\"https:\/\/lotustechnic.com.tr\/tr\/sheet-metal-forming\/production\/material\/\">\n\n\t\t\t\t\t\t\t\t\t\t\t<span class=\"elementor-icon-list-text\"><b>Ham Madde<\/b><\/span>\n\t\t\t\t\t\t\t\t\t\t\t<\/a>\n\t\t\t\t\t\t\t\t\t<\/li>\n\t\t\t\t\t\t\t\t<li class=\"elementor-icon-list-item elementor-inline-item\">\n\t\t\t\t\t\t\t\t\t\t\t<a href=\"https:\/\/lotustechnic.com.tr\/tr\/sheet-metal-forming\/production\/machinery-processes\/\">\n\n\t\t\t\t\t\t\t\t\t\t\t<span class=\"elementor-icon-list-text\">Makina Parkuru &amp; \u0130\u015flemler<\/span>\n\t\t\t\t\t\t\t\t\t\t\t<\/a>\n\t\t\t\t\t\t\t\t\t<\/li>\n\t\t\t\t\t\t<\/ul>\n\t\t\t\t<\/div>\n\t\t\t\t<\/div>\n\t\t\t\t\t<\/div>\n\t\t<\/div>\n\t\t\t\t\t\t\t<\/div>\n\t\t<\/section>\n\t\t\t\t<section class=\"elementor-section elementor-top-section elementor-element elementor-element-b46fadd elementor-section-boxed elementor-section-height-default elementor-section-height-default\" data-id=\"b46fadd\" data-element_type=\"section\">\n\t\t\t\t\t\t<div class=\"elementor-container elementor-column-gap-default\">\n\t\t\t\t\t<div class=\"elementor-column elementor-col-50 elementor-top-column elementor-element elementor-element-727d79d\" data-id=\"727d79d\" data-element_type=\"column\">\n\t\t\t<div class=\"elementor-widget-wrap elementor-element-populated\">\n\t\t\t\t\t\t\t\t<div class=\"elementor-element elementor-element-cce258b elementor-widget elementor-widget-text-editor\" data-id=\"cce258b\" data-element_type=\"widget\" data-widget_type=\"text-editor.default\">\n\t\t\t\t<div class=\"elementor-widget-container\">\n\t\t\t<style>\/*! elementor - v3.15.0 - 02-08-2023 *\/\n.elementor-widget-text-editor.elementor-drop-cap-view-stacked .elementor-drop-cap{background-color:#69727d;color:#fff}.elementor-widget-text-editor.elementor-drop-cap-view-framed .elementor-drop-cap{color:#69727d;border:3px solid;background-color:transparent}.elementor-widget-text-editor:not(.elementor-drop-cap-view-default) .elementor-drop-cap{margin-top:8px}.elementor-widget-text-editor:not(.elementor-drop-cap-view-default) .elementor-drop-cap-letter{width:1em;height:1em}.elementor-widget-text-editor .elementor-drop-cap{float:left;text-align:center;line-height:1;font-size:50px}.elementor-widget-text-editor .elementor-drop-cap-letter{display:inline-block}<\/style>\t\t\t\t<p>Lotus Technic, ince \u00fcretim prensiplerini benimseyen, s\u00fcre\u00e7 izleme konusundaki s\u00fcrekli geli\u015fim taahh\u00fcd\u00fc ile \u00e7al\u0131\u015fan ve hem \u00fcr\u00fcnlerde hem de hizmetlerde y\u00fcksek kaliteli \u00fcr\u00fcnler sunan bir \u00fcreticidir. \u015eu anki makine parkuru i\u00e7in i\u015flenen malzemeler a\u015fa\u011f\u0131da belirtilmi\u015ftir:<\/p>\t\t\t\t\t\t<\/div>\n\t\t\t\t<\/div>\n\t\t\t\t<div class=\"elementor-element elementor-element-4610cf2 elementor-widget elementor-widget-text-editor\" data-id=\"4610cf2\" data-element_type=\"widget\" data-widget_type=\"text-editor.default\">\n\t\t\t\t<div class=\"elementor-widget-container\">\n\t\t\t\t\t\t\t<ul class=\"list-style2\"><li>Galvanizli \u00e7elik (4 mm'ye kadar)<\/li><li>Al\u00fcminyum (4 mm'ye kadar)<\/li><li>HRP (S\u0131cak Haddelenmi\u015f Soyulmu\u015f) \u00e7elik (4 mm'ye kadar)<\/li><li>DKP (So\u011fuk Haddelenmi\u015f) \u00e7elik (4 mm'ye kadar)<\/li><li>Paslanmaz \u00e7elik (2 mm'ye kadar)<\/li><li>Folyolu sac (4 mm'ye kadar)<\/li><li>Siyah \u00e7elik (4 mm'ye kadar)<\/li><\/ul>\t\t\t\t\t\t<\/div>\n\t\t\t\t<\/div>\n\t\t\t\t\t<\/div>\n\t\t<\/div>\n\t\t\t\t<div class=\"elementor-column elementor-col-50 elementor-top-column elementor-element elementor-element-270b039\" data-id=\"270b039\" data-element_type=\"column\">\n\t\t\t<div class=\"elementor-widget-wrap elementor-element-populated\">\n\t\t\t\t\t\t\t\t<div class=\"elementor-element elementor-element-2efc9d2 elementor-widget elementor-widget-image\" data-id=\"2efc9d2\" data-element_type=\"widget\" data-widget_type=\"image.default\">\n\t\t\t\t<div class=\"elementor-widget-container\">\n\t\t\t<style>\/*! elementor - v3.15.0 - 02-08-2023 *\/\n.elementor-widget-image{text-align:center}.elementor-widget-image a{display:inline-block}.elementor-widget-image a img[src$=\".svg\"]{width:48px}.elementor-widget-image img{vertical-align:middle;display:inline-block}<\/style>\t\t\t\t\t\t\t\t\t\t\t\t<img decoding=\"async\" src=\"https:\/\/lotustechnic.com.tr\/wp-content\/uploads\/elementor\/thumbs\/LOTUS-18-scaled-qcn581i1o0vv7w3nj3ycr94a7dqgw0rntz1ij7ii5s.jpg\" title=\"LOTUS 18\" alt=\"LOTUS 18\" loading=\"lazy\" \/>\t\t\t\t\t\t\t\t\t\t\t\t\t\t\t<\/div>\n\t\t\t\t<\/div>\n\t\t\t\t\t<\/div>\n\t\t<\/div>\n\t\t\t\t\t\t\t<\/div>\n\t\t<\/section>\n\t\t\t\t\t\t\t<\/div>","protected":false},"excerpt":{"rendered":"<p>Production Material Machinery &#038; Processes Lotus Technic is a manufacturer that embraces lean production principles, works with a commitment to continuous improvement in process monitoring, and supplies high-quality products in both goods and services. As for the current machinery lineup, the processed materials are as follows: Galvanized steel (up to 4 mm) Aluminum (up to [&hellip;]<\/p>","protected":false},"author":1,"featured_media":0,"parent":2124,"menu_order":0,"comment_status":"closed","ping_status":"closed","template":"","meta":{"inline_featured_image":false,"footnotes":""},"class_list":["post-2132","page","type-page","status-publish","hentry"],"acf":[],"_links":{"self":[{"href":"https:\/\/lotustechnic.com.tr\/tr\/wp-json\/wp\/v2\/pages\/2132","targetHints":{"allow":["GET"]}}],"collection":[{"href":"https:\/\/lotustechnic.com.tr\/tr\/wp-json\/wp\/v2\/pages"}],"about":[{"href":"https:\/\/lotustechnic.com.tr\/tr\/wp-json\/wp\/v2\/types\/page"}],"author":[{"embeddable":true,"href":"https:\/\/lotustechnic.com.tr\/tr\/wp-json\/wp\/v2\/users\/1"}],"replies":[{"embeddable":true,"href":"https:\/\/lotustechnic.com.tr\/tr\/wp-json\/wp\/v2\/comments?post=2132"}],"version-history":[{"count":13,"href":"https:\/\/lotustechnic.com.tr\/tr\/wp-json\/wp\/v2\/pages\/2132\/revisions"}],"predecessor-version":[{"id":3337,"href":"https:\/\/lotustechnic.com.tr\/tr\/wp-json\/wp\/v2\/pages\/2132\/revisions\/3337"}],"up":[{"embeddable":true,"href":"https:\/\/lotustechnic.com.tr\/tr\/wp-json\/wp\/v2\/pages\/2124"}],"wp:attachment":[{"href":"https:\/\/lotustechnic.com.tr\/tr\/wp-json\/wp\/v2\/media?parent=2132"}],"curies":[{"name":"wp","href":"https:\/\/api.w.org\/{rel}","templated":true}]}}