{"id":2128,"date":"2023-08-08T10:33:56","date_gmt":"2023-08-08T07:33:56","guid":{"rendered":"http:\/\/lotustechnic.zerowebdemo.com\/?page_id=2128"},"modified":"2024-01-08T17:44:34","modified_gmt":"2024-01-08T14:44:34","slug":"quality-systems","status":"publish","type":"page","link":"https:\/\/lotustechnic.com.tr\/tr\/quality-systems\/","title":{"rendered":"Kalite Sistemleri"},"content":{"rendered":"<div data-elementor-type=\"wp-page\" data-elementor-id=\"2128\" class=\"elementor elementor-2128\" data-elementor-post-type=\"page\">\n\t\t\t\t\t\t\t\t\t<section class=\"elementor-section elementor-top-section elementor-element elementor-element-0b4d79c elementor-reverse-mobile elementor-section-boxed elementor-section-height-default elementor-section-height-default\" data-id=\"0b4d79c\" data-element_type=\"section\">\n\t\t\t\t\t\t<div class=\"elementor-container elementor-column-gap-default\">\n\t\t\t\t\t<div class=\"elementor-column elementor-col-50 elementor-top-column elementor-element elementor-element-a029b87\" data-id=\"a029b87\" data-element_type=\"column\">\n\t\t\t<div class=\"elementor-widget-wrap elementor-element-populated\">\n\t\t\t\t\t\t\t\t<div class=\"elementor-element elementor-element-d9c9564 elementor-widget elementor-widget-heading\" data-id=\"d9c9564\" data-element_type=\"widget\" data-widget_type=\"heading.default\">\n\t\t\t\t<div class=\"elementor-widget-container\">\n\t\t\t<style>\/*! elementor - v3.15.0 - 02-08-2023 *\/\n.elementor-heading-title{padding:0;margin:0;line-height:1}.elementor-widget-heading .elementor-heading-title[class*=elementor-size-]>a{color:inherit;font-size:inherit;line-height:inherit}.elementor-widget-heading .elementor-heading-title.elementor-size-small{font-size:15px}.elementor-widget-heading .elementor-heading-title.elementor-size-medium{font-size:19px}.elementor-widget-heading .elementor-heading-title.elementor-size-large{font-size:29px}.elementor-widget-heading .elementor-heading-title.elementor-size-xl{font-size:39px}.elementor-widget-heading .elementor-heading-title.elementor-size-xxl{font-size:59px}<\/style><h2 class=\"elementor-heading-title elementor-size-default\">\u00dcretim &amp; E\u011fitim <\/h2>\t\t<\/div>\n\t\t\t\t<\/div>\n\t\t\t\t<div class=\"elementor-element elementor-element-931f8fa elementor-widget elementor-widget-text-editor\" data-id=\"931f8fa\" data-element_type=\"widget\" data-widget_type=\"text-editor.default\">\n\t\t\t\t<div class=\"elementor-widget-container\">\n\t\t\t<style>\/*! elementor - v3.15.0 - 02-08-2023 *\/\n.elementor-widget-text-editor.elementor-drop-cap-view-stacked .elementor-drop-cap{background-color:#69727d;color:#fff}.elementor-widget-text-editor.elementor-drop-cap-view-framed .elementor-drop-cap{color:#69727d;border:3px solid;background-color:transparent}.elementor-widget-text-editor:not(.elementor-drop-cap-view-default) .elementor-drop-cap{margin-top:8px}.elementor-widget-text-editor:not(.elementor-drop-cap-view-default) .elementor-drop-cap-letter{width:1em;height:1em}.elementor-widget-text-editor .elementor-drop-cap{float:left;text-align:center;line-height:1;font-size:50px}.elementor-widget-text-editor .elementor-drop-cap-letter{display:inline-block}<\/style>\t\t\t\t<ul class=\"list-style2\"><li>Lotus Technic, s\u00fcrekli iyile\u015ftirme prensibiyle, yetkinlik geli\u015ftirme ama\u00e7l\u0131 e\u011fitimleri bir gereklilik olarak g\u00f6rmektedir. Bu g\u00f6r\u00fc\u015f\u00fcn \u0131\u015f\u0131\u011f\u0131nda, t\u00fcm ekip d\u00fczenli olarak yal\u0131n d\u00fc\u015f\u00fcnce temelli e\u011fitimlerden ge\u00e7mektedir.<\/li><li>Lotus Technic ekibi yetkinliklerini art\u0131rmay\u0131 hedefleyen e\u011fitimlerin yan\u0131 s\u0131ra, EBRD ile Sanayi ve Teknoloji Bakanl\u0131\u011f\u0131 ortak giri\u015fimi olan \u0130zmir Model Fabrika'dan ald\u0131\u011f\u0131 dan\u0131\u015fmanl\u0131k hizmetiyle yal\u0131n d\u00f6n\u00fc\u015f\u00fcm yolculu\u011funa devam etmektedir.<\/li><li>\u015eirket yetkilileri hem sivil toplum kurulu\u015flar\u0131nda aktif rol almakta olup, hem de uluslaras\u0131 kurulu\u015flar\u0131n destekledi\u011fi bir \u00e7ok projede g\u00f6n\u00fcll\u00fc olarak yer almaktad\u0131r. Bu sayede avantajl\u0131 y\u00f6netim dan\u0131\u015fmanl\u0131klar\u0131 al\u0131nmakta ve \u015firketin vizyonu s\u00fcrekli geli\u015fmektedir.<\/li><\/ul>\t\t\t\t\t\t<\/div>\n\t\t\t\t<\/div>\n\t\t\t\t\t<\/div>\n\t\t<\/div>\n\t\t\t\t<div class=\"elementor-column elementor-col-50 elementor-top-column elementor-element elementor-element-ea8607d\" data-id=\"ea8607d\" data-element_type=\"column\">\n\t\t\t<div class=\"elementor-widget-wrap elementor-element-populated\">\n\t\t\t\t\t\t\t\t<div class=\"elementor-element elementor-element-eb236c1 elementor-position-top elementor-widget elementor-widget-image-box\" data-id=\"eb236c1\" data-element_type=\"widget\" data-widget_type=\"image-box.default\">\n\t\t\t\t<div class=\"elementor-widget-container\">\n\t\t\t<style>\/*! elementor - v3.15.0 - 02-08-2023 *\/\n.elementor-widget-image-box .elementor-image-box-content{width:100%}@media (min-width:768px){.elementor-widget-image-box.elementor-position-left .elementor-image-box-wrapper,.elementor-widget-image-box.elementor-position-right .elementor-image-box-wrapper{display:flex}.elementor-widget-image-box.elementor-position-right .elementor-image-box-wrapper{text-align:right;flex-direction:row-reverse}.elementor-widget-image-box.elementor-position-left .elementor-image-box-wrapper{text-align:left;flex-direction:row}.elementor-widget-image-box.elementor-position-top .elementor-image-box-img{margin:auto}.elementor-widget-image-box.elementor-vertical-align-top .elementor-image-box-wrapper{align-items:flex-start}.elementor-widget-image-box.elementor-vertical-align-middle .elementor-image-box-wrapper{align-items:center}.elementor-widget-image-box.elementor-vertical-align-bottom .elementor-image-box-wrapper{align-items:flex-end}}@media (max-width:767px){.elementor-widget-image-box .elementor-image-box-img{margin-left:auto!important;margin-right:auto!important;margin-bottom:15px}}.elementor-widget-image-box .elementor-image-box-img{display:inline-block}.elementor-widget-image-box .elementor-image-box-title a{color:inherit}.elementor-widget-image-box .elementor-image-box-wrapper{text-align:center}.elementor-widget-image-box .elementor-image-box-description{margin:0}<\/style><div class=\"elementor-image-box-wrapper\"><figure class=\"elementor-image-box-img\"><a href=\"#elementor-action:action=lightbox&settings=eyJ1cmwiOiJodHRwczpcL1wvbG90dXN0ZWNobmljLmNvbS50clwvd3AtY29udGVudFwvdXBsb2Fkc1wvMjAyNFwvMDFcL0xvdHVzLU1la2FuaWtfSVNPOTAwMS1TZXJ0aWZpa2EucG5nIiwidHlwZSI6ImltYWdlIiwidGl0bGUiOiJMb3R1cy1NZWthbmlrX0lTTzkwMDEtU2VydGlmaWthIn0=\"><img loading=\"lazy\" decoding=\"async\" width=\"3306\" height=\"4676\" src=\"https:\/\/lotustechnic.com.tr\/wp-content\/uploads\/2024\/01\/Lotus-Mekanik_ISO9001-Sertifika.png\" class=\"attachment-full size-full wp-image-3586\" alt=\"\" srcset=\"https:\/\/lotustechnic.com.tr\/wp-content\/uploads\/2024\/01\/Lotus-Mekanik_ISO9001-Sertifika.png 3306w, https:\/\/lotustechnic.com.tr\/wp-content\/uploads\/2024\/01\/Lotus-Mekanik_ISO9001-Sertifika-212x300.png 212w, https:\/\/lotustechnic.com.tr\/wp-content\/uploads\/2024\/01\/Lotus-Mekanik_ISO9001-Sertifika-724x1024.png 724w, https:\/\/lotustechnic.com.tr\/wp-content\/uploads\/2024\/01\/Lotus-Mekanik_ISO9001-Sertifika-768x1086.png 768w, https:\/\/lotustechnic.com.tr\/wp-content\/uploads\/2024\/01\/Lotus-Mekanik_ISO9001-Sertifika-1086x1536.png 1086w, https:\/\/lotustechnic.com.tr\/wp-content\/uploads\/2024\/01\/Lotus-Mekanik_ISO9001-Sertifika-1448x2048.png 1448w, https:\/\/lotustechnic.com.tr\/wp-content\/uploads\/2024\/01\/Lotus-Mekanik_ISO9001-Sertifika-8x12.png 8w\" sizes=\"auto, (max-width: 3306px) 100vw, 3306px\" \/><\/a><\/figure><div class=\"elementor-image-box-content\"><h3 class=\"elementor-image-box-title\"><a href=\"#elementor-action:action=lightbox&settings=eyJ1cmwiOiJodHRwczpcL1wvbG90dXN0ZWNobmljLmNvbS50clwvd3AtY29udGVudFwvdXBsb2Fkc1wvMjAyNFwvMDFcL0xvdHVzLU1la2FuaWtfSVNPOTAwMS1TZXJ0aWZpa2EucG5nIiwidHlwZSI6ImltYWdlIiwidGl0bGUiOiJMb3R1cy1NZWthbmlrX0lTTzkwMDEtU2VydGlmaWthIn0=\">ISO 9001<\/a><\/h3><\/div><\/div>\t\t<\/div>\n\t\t\t\t<\/div>\n\t\t\t\t\t<\/div>\n\t\t<\/div>\n\t\t\t\t\t\t\t<\/div>\n\t\t<\/section>\n\t\t\t\t\t\t\t<\/div>","protected":false},"excerpt":{"rendered":"<p>Manufacturing &#038; Education Lotus Technic is sincerely committed to principles of quality control, development through training, and continuous improvement. The company regularly organizes training sessions to equip its team. In addition to the training aimed at enhancing the competence of the Lotus Technic team, they continue their journey of lean transformation with consulting services supported [&hellip;]<\/p>","protected":false},"author":1,"featured_media":0,"parent":0,"menu_order":0,"comment_status":"closed","ping_status":"closed","template":"","meta":{"inline_featured_image":false,"footnotes":""},"class_list":["post-2128","page","type-page","status-publish","hentry"],"acf":[],"_links":{"self":[{"href":"https:\/\/lotustechnic.com.tr\/tr\/wp-json\/wp\/v2\/pages\/2128","targetHints":{"allow":["GET"]}}],"collection":[{"href":"https:\/\/lotustechnic.com.tr\/tr\/wp-json\/wp\/v2\/pages"}],"about":[{"href":"https:\/\/lotustechnic.com.tr\/tr\/wp-json\/wp\/v2\/types\/page"}],"author":[{"embeddable":true,"href":"https:\/\/lotustechnic.com.tr\/tr\/wp-json\/wp\/v2\/users\/1"}],"replies":[{"embeddable":true,"href":"https:\/\/lotustechnic.com.tr\/tr\/wp-json\/wp\/v2\/comments?post=2128"}],"version-history":[{"count":22,"href":"https:\/\/lotustechnic.com.tr\/tr\/wp-json\/wp\/v2\/pages\/2128\/revisions"}],"predecessor-version":[{"id":3599,"href":"https:\/\/lotustechnic.com.tr\/tr\/wp-json\/wp\/v2\/pages\/2128\/revisions\/3599"}],"wp:attachment":[{"href":"https:\/\/lotustechnic.com.tr\/tr\/wp-json\/wp\/v2\/media?parent=2128"}],"curies":[{"name":"wp","href":"https:\/\/api.w.org\/{rel}","templated":true}]}}